{"id":2241,"date":"2012-08-09T14:10:43","date_gmt":"2012-08-09T13:10:43","guid":{"rendered":"https:\/\/www.sofadi.com\/fitting-out\/pharmacy-perfumery\/cremailleres-pas-de-37\/"},"modified":"2018-02-16T14:32:41","modified_gmt":"2018-02-16T13:32:41","slug":"37-mm-raster-slot-channel","status":"publish","type":"page","link":"http:\/\/sofadi.fr\/en\/fitting-out\/pharmacy-perfumery\/37-mm-raster-slot-channel\/","title":{"rendered":"37-mm pitch slot channel"},"content":{"rendered":"<p><!--:en--><\/p>\n<p>Sofadi proposes a wide choice of 37-mm\u00a0pitch slot channels for wall display and centre-floor woodwork furniture. This compact\u00a0pitch allows for great versatility of layout.<\/p>\n<p>These unobtrusive slot channels are particularly fit for the merchandising of light, standing products in the fields of pharmacy, health, perfumery, cosmetics and optics.<\/p>\n<p>They are made of aluminium alloy accepting (silver or golden) anodized and powdercoated finish.<\/p>\n<p>Customized projects are made possible thanks to a choice of four different looks of contemporary or discreet brackets.<\/p>\n","protected":false},"excerpt":{"rendered":"<p>Sofadi proposes a wide choice of 37-mm\u00a0pitch slot channels for wall display and centre-floor woodwork furniture. This compact\u00a0pitch allows for great versatility of layout. These unobtrusive slot channels are particularly fit for the merchandising of light, standing products in the &hellip; <a href=\"http:\/\/sofadi.fr\/en\/fitting-out\/pharmacy-perfumery\/37-mm-raster-slot-channel\/\">Continue reading <span class=\"meta-nav\">&rarr;<\/span><\/a><\/p>\n","protected":false},"author":19679,"featured_media":6307,"parent":2207,"menu_order":1,"comment_status":"open","ping_status":"open","template":"page-concept.php","meta":[],"yoast_head":"<!-- This site is optimized with the Yoast SEO plugin v16.6.1 - https:\/\/yoast.com\/wordpress\/plugins\/seo\/ -->\n<meta name=\"description\" content=\"Cr\u00e9maill\u00e8re en aluminium pas de 37 SOFADI. Sp\u00e9cial pour l&#039;Agencement d&#039;une Pharmacie, d&#039;une Parfumerie, d&#039;un Magasin d&#039;optique. Mat\u00e9riel de professionnel et design.\" \/>\n<meta name=\"robots\" content=\"index, follow, max-snippet:-1, max-image-preview:large, max-video-preview:-1\" \/>\n<link rel=\"canonical\" href=\"http:\/\/www.sofadi.com\/en\/fitting-out\/pharmacy-perfumery\/37-mm-raster-slot-channel\/\" \/>\n<meta property=\"og:locale\" content=\"en_US\" \/>\n<meta property=\"og:type\" content=\"article\" \/>\n<meta property=\"og:title\" content=\"Cr\u00e9maill\u00e8re alu pas de 37 - Agencement Pharmacie, Parfurmerie, Magasin Optique\" \/>\n<meta property=\"og:description\" content=\"Cr\u00e9maill\u00e8re en aluminium pas de 37 SOFADI. Sp\u00e9cial pour l&#039;Agencement d&#039;une Pharmacie, d&#039;une Parfumerie, d&#039;un Magasin d&#039;optique. Mat\u00e9riel de professionnel et design.\" \/>\n<meta property=\"og:url\" content=\"http:\/\/www.sofadi.com\/en\/fitting-out\/pharmacy-perfumery\/37-mm-raster-slot-channel\/\" \/>\n<meta property=\"og:site_name\" content=\"Sofadi\" \/>\n<meta property=\"article:modified_time\" content=\"2018-02-16T13:32:41+00:00\" \/>\n<meta property=\"og:image\" content=\"https:\/\/sofadi.com\/wp-content\/uploads\/2012\/08\/bandeau-concept-sq100-2017.jpg\" \/>\n\t<meta property=\"og:image:width\" content=\"1280\" \/>\n\t<meta property=\"og:image:height\" content=\"473\" \/>\n<script type=\"application\/ld+json\" class=\"yoast-schema-graph\">{\"@context\":\"https:\/\/schema.org\",\"@graph\":[{\"@type\":\"WebSite\",\"@id\":\"https:\/\/sofadi.fr\/#website\",\"url\":\"https:\/\/sofadi.fr\/\",\"name\":\"Sofadi\",\"description\":\"SFD\",\"potentialAction\":[{\"@type\":\"SearchAction\",\"target\":{\"@type\":\"EntryPoint\",\"urlTemplate\":\"https:\/\/sofadi.fr\/?s={search_term_string}\"},\"query-input\":\"required name=search_term_string\"}],\"inLanguage\":\"en-EN\"},{\"@type\":\"ImageObject\",\"@id\":\"http:\/\/www.sofadi.com\/en\/fitting-out\/pharmacy-perfumery\/37-mm-raster-slot-channel\/#primaryimage\",\"inLanguage\":\"en-EN\",\"url\":\"http:\/\/sofadi.fr\/wp-content\/uploads\/2012\/08\/bandeau-concept-sq100-2017.jpg\",\"contentUrl\":\"http:\/\/sofadi.fr\/wp-content\/uploads\/2012\/08\/bandeau-concept-sq100-2017.jpg\",\"width\":1280,\"height\":473},{\"@type\":\"WebPage\",\"@id\":\"http:\/\/www.sofadi.com\/en\/fitting-out\/pharmacy-perfumery\/37-mm-raster-slot-channel\/#webpage\",\"url\":\"http:\/\/www.sofadi.com\/en\/fitting-out\/pharmacy-perfumery\/37-mm-raster-slot-channel\/\",\"name\":\"Cr\\u00e9maill\\u00e8re alu pas de 37 - Agencement Pharmacie, Parfurmerie, Magasin Optique\",\"isPartOf\":{\"@id\":\"https:\/\/sofadi.fr\/#website\"},\"primaryImageOfPage\":{\"@id\":\"http:\/\/www.sofadi.com\/en\/fitting-out\/pharmacy-perfumery\/37-mm-raster-slot-channel\/#primaryimage\"},\"datePublished\":\"2012-08-09T13:10:43+00:00\",\"dateModified\":\"2018-02-16T13:32:41+00:00\",\"description\":\"Cr\\u00e9maill\\u00e8re en aluminium pas de 37 SOFADI. Sp\\u00e9cial pour l'Agencement d'une Pharmacie, d'une Parfumerie, d'un Magasin d'optique. Mat\\u00e9riel de professionnel et design.\",\"breadcrumb\":{\"@id\":\"http:\/\/www.sofadi.com\/en\/fitting-out\/pharmacy-perfumery\/37-mm-raster-slot-channel\/#breadcrumb\"},\"inLanguage\":\"en-EN\",\"potentialAction\":[{\"@type\":\"ReadAction\",\"target\":[\"http:\/\/www.sofadi.com\/en\/fitting-out\/pharmacy-perfumery\/37-mm-raster-slot-channel\/\"]}]},{\"@type\":\"BreadcrumbList\",\"@id\":\"http:\/\/www.sofadi.com\/en\/fitting-out\/pharmacy-perfumery\/37-mm-raster-slot-channel\/#breadcrumb\",\"itemListElement\":[{\"@type\":\"ListItem\",\"position\":1,\"name\":\"Accueil\",\"item\":\"http:\/\/www.sofadi.fr\/en\/\"},{\"@type\":\"ListItem\",\"position\":2,\"name\":\"Fitting-out\",\"item\":\"http:\/\/www.sofadi.fr\/en\/fitting-out\/\"},{\"@type\":\"ListItem\",\"position\":3,\"name\":\"Pharmacy, perfumery\",\"item\":\"http:\/\/www.sofadi.com\/en\/fitting-out\/pharmacy-perfumery\/\"},{\"@type\":\"ListItem\",\"position\":4,\"name\":\"37-mm pitch slot channel\"}]}]}<\/script>\n<!-- \/ Yoast SEO plugin. -->","_links":{"self":[{"href":"http:\/\/sofadi.fr\/en\/wp-json\/wp\/v2\/pages\/2241"}],"collection":[{"href":"http:\/\/sofadi.fr\/en\/wp-json\/wp\/v2\/pages"}],"about":[{"href":"http:\/\/sofadi.fr\/en\/wp-json\/wp\/v2\/types\/page"}],"author":[{"embeddable":true,"href":"http:\/\/sofadi.fr\/en\/wp-json\/wp\/v2\/users\/19679"}],"replies":[{"embeddable":true,"href":"http:\/\/sofadi.fr\/en\/wp-json\/wp\/v2\/comments?post=2241"}],"version-history":[{"count":0,"href":"http:\/\/sofadi.fr\/en\/wp-json\/wp\/v2\/pages\/2241\/revisions"}],"up":[{"embeddable":true,"href":"http:\/\/sofadi.fr\/en\/wp-json\/wp\/v2\/pages\/2207"}],"wp:featuredmedia":[{"embeddable":true,"href":"http:\/\/sofadi.fr\/en\/wp-json\/wp\/v2\/media\/6307"}],"wp:attachment":[{"href":"http:\/\/sofadi.fr\/en\/wp-json\/wp\/v2\/media?parent=2241"}],"curies":[{"name":"wp","href":"https:\/\/api.w.org\/{rel}","templated":true}]}}